{"id":123,"date":"2012-10-22T13:26:01","date_gmt":"2012-10-22T11:26:01","guid":{"rendered":"http:\/\/eduacero.com\/revista\/?page_id=2"},"modified":"2020-01-14T09:50:06","modified_gmt":"2020-01-14T09:50:06","slug":"pagina-ejemplo","status":"publish","type":"page","link":"https:\/\/revista.eduacero.upc.edu\/?page_id=123","title":{"rendered":"Acerca de"},"content":{"rendered":"<p>La revista <em>Eduacero<\/em> es una publicaci\u00f3n digital arbitrada auspiciada por el Grupo de Estructuras Met\u00e1licas del Departamento de Ingenier\u00eda de la Construcci\u00f3n de la Escuela T\u00e9cnica Superior de Ingenieros de Caminos, Canales y Puertos de la Universidad Polit\u00e9cnica de Catalu\u00f1a. Barcelona-Tech.<\/p>\n<p>La publicaci\u00f3n de <em>Eduacero<\/em> se realiza sin fines de lucro con el estricto fin de servir de \u00f3rgano de difusi\u00f3n de los trabajos estudiantiles \u00a0en el campo de las Estructuras Met\u00e1licas y Mixtas. <em>Eduacero<\/em> cumple tambi\u00e9n la funci\u00f3n de informar a la Comunidad Cient\u00edfica sobre eventos de actualidad relacionados con esta disciplina en los que participen los miembros del Grupo. La revista se publica de manera digital y su idioma oficial es el castellano.<\/p>\n<p>Los art\u00edculos\u00a0publicados son evaluados por \u00e1rbitros pertenecientes a los miembros del Grupo y a los ex-alumnos ingenieros que mantengan una actividad proyectual y de inter\u00e9s por la disciplina.<\/p>\n<p>La pol\u00edtica editorial es establecida por el Comit\u00e9 Editorial qu\u00e9, representado por los Editores, aprueba, o no, la publicaci\u00f3n de los art\u00edculos sometidos a su consideraci\u00f3n, teniendo en cuenta la evaluaci\u00f3n de los \u00e1rbitros. Los Editores de la revista no se solidarizan en ning\u00fan momento con las opiniones suscritas por los autores en sus art\u00edculos, ni se responsabilizan de las mismas. El contenido de los art\u00edculos publicados es generado por los usuarios (user-generated content) y atiende a las consideraciones legales y acad\u00e9micas establecidas en el C\u00f3digo de Honor.<\/p>\n","protected":false},"excerpt":{"rendered":"<p>La revista Eduacero es una publicaci\u00f3n digital arbitrada auspiciada por el Grupo de Estructuras Met\u00e1licas del Departamento de Ingenier\u00eda de la Construcci\u00f3n de la Escuela T\u00e9cnica Superior de Ingenieros de Caminos, Canales y Puertos de la Universidad Polit\u00e9cnica de Catalu\u00f1a. Barcelona-Tech. La publicaci\u00f3n de Eduacero se realiza sin fines de &#8230;<\/p>\n","protected":false},"author":3,"featured_media":0,"parent":0,"menu_order":2,"comment_status":"closed","ping_status":"closed","template":"template-full-width.php","meta":{"footnotes":"","_links_to":"","_links_to_target":""},"class_list":["post-123","page","type-page","status-publish","hentry","column","threecol"],"_links":{"self":[{"href":"https:\/\/revista.eduacero.upc.edu\/index.php?rest_route=\/wp\/v2\/pages\/123","targetHints":{"allow":["GET"]}}],"collection":[{"href":"https:\/\/revista.eduacero.upc.edu\/index.php?rest_route=\/wp\/v2\/pages"}],"about":[{"href":"https:\/\/revista.eduacero.upc.edu\/index.php?rest_route=\/wp\/v2\/types\/page"}],"author":[{"embeddable":true,"href":"https:\/\/revista.eduacero.upc.edu\/index.php?rest_route=\/wp\/v2\/users\/3"}],"replies":[{"embeddable":true,"href":"https:\/\/revista.eduacero.upc.edu\/index.php?rest_route=%2Fwp%2Fv2%2Fcomments&post=123"}],"version-history":[{"count":2,"href":"https:\/\/revista.eduacero.upc.edu\/index.php?rest_route=\/wp\/v2\/pages\/123\/revisions"}],"predecessor-version":[{"id":801,"href":"https:\/\/revista.eduacero.upc.edu\/index.php?rest_route=\/wp\/v2\/pages\/123\/revisions\/801"}],"wp:attachment":[{"href":"https:\/\/revista.eduacero.upc.edu\/index.php?rest_route=%2Fwp%2Fv2%2Fmedia&parent=123"}],"curies":[{"name":"wp","href":"https:\/\/api.w.org\/{rel}","templated":true}]}}