{"id":137,"date":"2012-11-19T09:40:17","date_gmt":"2012-11-19T08:40:17","guid":{"rendered":"http:\/\/eduacero.com\/revista\/?page_id=137"},"modified":"2020-01-30T12:08:06","modified_gmt":"2020-01-30T12:08:06","slug":"codigo-de-honor","status":"publish","type":"page","link":"https:\/\/revista.eduacero.upc.edu\/?page_id=137","title":{"rendered":"C\u00f3digo de honor"},"content":{"rendered":"<h1>Eduacero. C\u00f3digo de honor y \u00e9tica. Bases legales<\/h1>\n<p>&nbsp;<\/p>\n<div style=\"float: left;\"><img decoding=\"async\" src=\"https:\/\/eduacero.upc.edu\/revista\/img\/1-autoria.png\" alt=\"\"><\/div>\n<div>\n<h3>1. Autor\u00eda<\/h3>\n<\/div>\n<div>\n<p style=\"text-align: justify;\">Los manuscritos (as\u00ed como todos los archivos anexos) enviados deben ser obra exclusiva de sus autores. El art\u00edculo puede contener total o parcialmente extractos de los diversos trabajos acad\u00e9micos que hayan realizado los autores durante sus estudios. Las citas textuales, figuras, tablas y\/o estudios de otros autores que se incluyan pertinentemente, deben ser referenciados adecuadamente.<\/p>\n<\/div>\n<p>&nbsp;<\/p>\n<div style=\"float: left;\"><img decoding=\"async\" src=\"https:\/\/eduacero.upc.edu\/revista\/img\/2-plagio.png\" alt=\"\"><\/div>\n<div>\n<h3>2. Plagio<\/h3>\n<\/div>\n<div>\n<p style=\"text-align: justify;\">Los manuscritos enviados para su publicaci\u00f3n deben ser originales. Todas las fuentes consultadas por los autores deben ser debidamente mencionadas. Los editores se reservan el derecho a utilizar herramientas web de detecci\u00f3n de plagio.<\/p>\n<\/div>\n<p>&nbsp;<\/p>\n<div style=\"float: left;\"><img decoding=\"async\" src=\"https:\/\/eduacero.upc.edu\/revista\/img\/3-licencia.png\" alt=\"\"><\/div>\n<div>\n<h3>3. Licencia<\/h3>\n<\/div>\n<div>\n<p style=\"text-align: justify;\">Los art\u00edculos publicados en la revista <em>Eduacero<\/em> se encuentran enmarcados bajo la licencia <a href=\"http:\/\/creativecommons.org\">Creative Commons<\/a> CC BY-NC-ND 3.0. Esta licencia permite a terceros descargar las obras y compartirlas f\u00edsica o digitalmente (siempre y cuando se haga referencia adecuadamente), pero no permite cambiarlas de forma alguna ni usarlas comercialmente.<\/p>\n<\/div>\n<p>&nbsp;<\/p>\n<div style=\"float: left;\"><img decoding=\"async\" src=\"https:\/\/eduacero.upc.edu\/revista\/img\/4-evaluacion.png\" alt=\"\"><\/div>\n<div>\n<h3>4. Evaluaci\u00f3n<\/h3>\n<\/div>\n<div>\n<p style=\"text-align: justify;\">Los autores que env\u00eden trabajos a la revista <em>Eduacero<\/em> aceptan que los mismos ser\u00e1n evaluados por \u00e1rbitros designados por el Cuerpo Editorial. Una vez realizada la evaluaci\u00f3n, los autores recibir\u00e1n alguna de las siguientes respuestas:<\/p>\n<ol>\n<li>Se acepta el art\u00edculo tal como se ha entregado.<\/li>\n<li>Se acepta el art\u00edculo con algunos cambios menores.<\/li>\n<li>No se acepta el art\u00edculo pero se recomiendan diversos cambios que permitir\u00eda a los autores renviarlo.<\/li>\n<li>No se acepta el art\u00edculo para su publicaci\u00f3n en <em>Eduacero<\/em><\/li>\n<\/ol>\n<\/div>\n<p>&nbsp;<\/p>\n\n\n<p><\/p>\n","protected":false},"excerpt":{"rendered":"<p>Eduacero. C\u00f3digo de honor y \u00e9tica. Bases legales &nbsp; 1. Autor\u00eda Los manuscritos (as\u00ed como todos los archivos anexos) enviados deben ser obra exclusiva de sus autores. El art\u00edculo puede contener total o parcialmente extractos de los diversos trabajos acad\u00e9micos que hayan realizado los autores durante sus estudios. Las citas &#8230;<\/p>\n","protected":false},"author":4,"featured_media":0,"parent":0,"menu_order":5,"comment_status":"closed","ping_status":"closed","template":"","meta":{"footnotes":"","_links_to":"","_links_to_target":""},"class_list":["post-137","page","type-page","status-publish","hentry","column","threecol"],"_links":{"self":[{"href":"https:\/\/revista.eduacero.upc.edu\/index.php?rest_route=\/wp\/v2\/pages\/137","targetHints":{"allow":["GET"]}}],"collection":[{"href":"https:\/\/revista.eduacero.upc.edu\/index.php?rest_route=\/wp\/v2\/pages"}],"about":[{"href":"https:\/\/revista.eduacero.upc.edu\/index.php?rest_route=\/wp\/v2\/types\/page"}],"author":[{"embeddable":true,"href":"https:\/\/revista.eduacero.upc.edu\/index.php?rest_route=\/wp\/v2\/users\/4"}],"replies":[{"embeddable":true,"href":"https:\/\/revista.eduacero.upc.edu\/index.php?rest_route=%2Fwp%2Fv2%2Fcomments&post=137"}],"version-history":[{"count":1,"href":"https:\/\/revista.eduacero.upc.edu\/index.php?rest_route=\/wp\/v2\/pages\/137\/revisions"}],"predecessor-version":[{"id":857,"href":"https:\/\/revista.eduacero.upc.edu\/index.php?rest_route=\/wp\/v2\/pages\/137\/revisions\/857"}],"wp:attachment":[{"href":"https:\/\/revista.eduacero.upc.edu\/index.php?rest_route=%2Fwp%2Fv2%2Fmedia&parent=137"}],"curies":[{"name":"wp","href":"https:\/\/api.w.org\/{rel}","templated":true}]}}